{"id":4242,"date":"2024-06-05T11:54:37","date_gmt":"2024-06-05T09:54:37","guid":{"rendered":"https:\/\/www.sps-pumps.com\/?post_type=product&#038;p=4242"},"modified":"2024-10-18T06:07:59","modified_gmt":"2024-10-18T04:07:59","slug":"pompes-grundfos-pour-l-adduction-d-eau","status":"publish","type":"product","link":"https:\/\/www.sps-pumps.com\/fr\/produits\/pompes-grundfos-pour-l-industrie\/pompes-grundfos-pour-l-adduction-d-eau\/","title":{"rendered":"Pompes Grundfos pour l&rsquo;Adduction d&rsquo;Eau"},"content":{"rendered":"\n<ul class=\"wp-block-list\">\n<li>Grundfos offre une pompe sp\u00e9cifique \u00e0 chaque point de la cha\u00eene de distribution d\u2019eau potable<\/li>\n\n\n\n<li>Pour installation publiques et priv\u00e9es<\/li>\n\n\n\n<li>Extr\u00eamement Fiables<\/li>\n\n\n\n<li>Pompes, syst\u00e8mes, d\u00e9sinfection et syst\u00e8me de commande<\/li>\n\n\n\n<li>Nombreuses Executions &amp; Options pour R\u00e9pondre \u00e0 Chaque Besoin<\/li>\n<\/ul>\n\n\n\n<h2 class=\"wp-block-heading\">Grundfos<br>Pompes pour l\u2019Adduction et la distribution d\u2019Eau<\/h2>\n\n\n\n<p>Grundfos est le fabricant leader des syst\u00e8mes de&nbsp;<strong>pompage immerg\u00e9s<\/strong>&nbsp;qui combinent<br>pompes, moteurs, protections, commandes et surveillance<br>pour une optimisation de l\u2019ensemble de l\u2019installation.<br>Grundfos a d\u00e9velopp\u00e9 des<strong>&nbsp;moteurs immerg\u00e9s de haute qualit\u00e9<\/strong>&nbsp;pour les pompes SP et SQ.<\/p>\n\n\n\n<p class=\"has-small-font-size\">Ces informations sont fournies avec la permission et courtoisie de Grundfos A\/S.<\/p>\n","protected":false},"featured_media":1644,"parent":48,"menu_order":447,"template":"","meta":{"_acf_changed":false,"footnotes":""},"class_list":["post-4242","product","type-product","status-publish","has-post-thumbnail","hentry"],"acf":[],"yoast_head":"<!-- This site is optimized with the Yoast SEO Premium plugin v27.3 (Yoast SEO v27.3) - https:\/\/yoast.com\/product\/yoast-seo-premium-wordpress\/ -->\n<title>Pompes de Distribution Eau Potable. R\u00e9seaux Publics &amp; Priv\u00e9s<\/title>\n<meta name=\"description\" content=\"Pompes Grundfos \u2014 Gamme compl\u00e8te de pompes pour l&#039;adduction et la distribution d&#039;eau potable pour applications publiques &amp; priv\u00e9es. +32 2 657 23 53.\" \/>\n<meta name=\"robots\" content=\"index, follow, max-snippet:-1, max-image-preview:large, max-video-preview:-1\" \/>\n<link rel=\"canonical\" href=\"https:\/\/www.sps-pumps.com\/fr\/produits\/pompes-grundfos-pour-l-industrie\/pompes-grundfos-pour-l-adduction-d-eau\/\" \/>\n<meta property=\"og:locale\" content=\"fr_FR\" \/>\n<meta property=\"og:type\" content=\"article\" \/>\n<meta property=\"og:title\" content=\"Pompes Grundfos pour l&#039;Adduction d&#039;Eau\" \/>\n<meta property=\"og:description\" content=\"Pompes Grundfos \u2014 Gamme compl\u00e8te de pompes pour l&#039;adduction et la distribution d&#039;eau potable pour applications publiques &amp; priv\u00e9es. +32 2 657 23 53.\" \/>\n<meta property=\"og:url\" content=\"https:\/\/www.sps-pumps.com\/fr\/produits\/pompes-grundfos-pour-l-industrie\/pompes-grundfos-pour-l-adduction-d-eau\/\" \/>\n<meta property=\"og:site_name\" content=\"SPS Pumps\" \/>\n<meta property=\"article:publisher\" content=\"https:\/\/www.facebook.com\/spspumpsbelgium\/\" \/>\n<meta property=\"article:modified_time\" content=\"2024-10-18T04:07:59+00:00\" \/>\n<meta property=\"og:image\" content=\"https:\/\/www.sps-pumps.com\/wp-content\/uploads\/2024\/06\/Grundfos-Water-Supply-Pumps-240x240-1.jpg\" \/>\n\t<meta property=\"og:image:width\" content=\"240\" \/>\n\t<meta property=\"og:image:height\" content=\"240\" \/>\n\t<meta property=\"og:image:type\" content=\"image\/jpeg\" \/>\n<meta name=\"twitter:label1\" content=\"Dur\u00e9e de lecture estim\u00e9e\" \/>\n\t<meta name=\"twitter:data1\" content=\"1 minute\" \/>\n<script type=\"application\/ld+json\" class=\"yoast-schema-graph\">{\"@context\":\"https:\\\/\\\/schema.org\",\"@graph\":[{\"@type\":\"WebPage\",\"@id\":\"https:\\\/\\\/www.sps-pumps.com\\\/fr\\\/produits\\\/pompes-grundfos-pour-l-industrie\\\/pompes-grundfos-pour-l-adduction-d-eau\\\/\",\"url\":\"https:\\\/\\\/www.sps-pumps.com\\\/fr\\\/produits\\\/pompes-grundfos-pour-l-industrie\\\/pompes-grundfos-pour-l-adduction-d-eau\\\/\",\"name\":\"Pompes de Distribution Eau Potable. R\u00e9seaux Publics & Priv\u00e9s\",\"isPartOf\":{\"@id\":\"https:\\\/\\\/www.sps-pumps.com\\\/fr\\\/#website\"},\"primaryImageOfPage\":{\"@id\":\"https:\\\/\\\/www.sps-pumps.com\\\/fr\\\/produits\\\/pompes-grundfos-pour-l-industrie\\\/pompes-grundfos-pour-l-adduction-d-eau\\\/#primaryimage\"},\"image\":{\"@id\":\"https:\\\/\\\/www.sps-pumps.com\\\/fr\\\/produits\\\/pompes-grundfos-pour-l-industrie\\\/pompes-grundfos-pour-l-adduction-d-eau\\\/#primaryimage\"},\"thumbnailUrl\":\"https:\\\/\\\/www.sps-pumps.com\\\/wp-content\\\/uploads\\\/2024\\\/06\\\/Grundfos-Water-Supply-Pumps-240x240-1.jpg\",\"datePublished\":\"2024-06-05T09:54:37+00:00\",\"dateModified\":\"2024-10-18T04:07:59+00:00\",\"description\":\"Pompes Grundfos \u2014 Gamme compl\u00e8te de pompes pour l'adduction et la distribution d'eau potable pour applications publiques & priv\u00e9es. +32 2 657 23 53.\",\"breadcrumb\":{\"@id\":\"https:\\\/\\\/www.sps-pumps.com\\\/fr\\\/produits\\\/pompes-grundfos-pour-l-industrie\\\/pompes-grundfos-pour-l-adduction-d-eau\\\/#breadcrumb\"},\"inLanguage\":\"fr-FR\",\"potentialAction\":[{\"@type\":\"ReadAction\",\"target\":[\"https:\\\/\\\/www.sps-pumps.com\\\/fr\\\/produits\\\/pompes-grundfos-pour-l-industrie\\\/pompes-grundfos-pour-l-adduction-d-eau\\\/\"]}]},{\"@type\":\"ImageObject\",\"inLanguage\":\"fr-FR\",\"@id\":\"https:\\\/\\\/www.sps-pumps.com\\\/fr\\\/produits\\\/pompes-grundfos-pour-l-industrie\\\/pompes-grundfos-pour-l-adduction-d-eau\\\/#primaryimage\",\"url\":\"https:\\\/\\\/www.sps-pumps.com\\\/wp-content\\\/uploads\\\/2024\\\/06\\\/Grundfos-Water-Supply-Pumps-240x240-1.jpg\",\"contentUrl\":\"https:\\\/\\\/www.sps-pumps.com\\\/wp-content\\\/uploads\\\/2024\\\/06\\\/Grundfos-Water-Supply-Pumps-240x240-1.jpg\",\"width\":240,\"height\":240},{\"@type\":\"BreadcrumbList\",\"@id\":\"https:\\\/\\\/www.sps-pumps.com\\\/fr\\\/produits\\\/pompes-grundfos-pour-l-industrie\\\/pompes-grundfos-pour-l-adduction-d-eau\\\/#breadcrumb\",\"itemListElement\":[{\"@type\":\"ListItem\",\"position\":1,\"name\":\"Home\",\"item\":\"https:\\\/\\\/www.sps-pumps.com\\\/fr\\\/\"},{\"@type\":\"ListItem\",\"position\":2,\"name\":\"Produits\",\"item\":\"https:\\\/\\\/www.sps-pumps.com\\\/fr\\\/produits\\\/\"},{\"@type\":\"ListItem\",\"position\":3,\"name\":\"Pompes Grundfos pour l&#8217;Industrie\",\"item\":\"https:\\\/\\\/www.sps-pumps.com\\\/fr\\\/produits\\\/pompes-grundfos-pour-l-industrie\\\/\"},{\"@type\":\"ListItem\",\"position\":4,\"name\":\"Pompes Grundfos pour l&rsquo;Adduction d&rsquo;Eau\"}]},{\"@type\":\"WebSite\",\"@id\":\"https:\\\/\\\/www.sps-pumps.com\\\/fr\\\/#website\",\"url\":\"https:\\\/\\\/www.sps-pumps.com\\\/fr\\\/\",\"name\":\"SPS Pumps\",\"description\":\"Spare Parts &amp; Services\",\"publisher\":{\"@id\":\"https:\\\/\\\/www.sps-pumps.com\\\/fr\\\/#organization\"},\"potentialAction\":[{\"@type\":\"SearchAction\",\"target\":{\"@type\":\"EntryPoint\",\"urlTemplate\":\"https:\\\/\\\/www.sps-pumps.com\\\/fr\\\/?s={search_term_string}\"},\"query-input\":{\"@type\":\"PropertyValueSpecification\",\"valueRequired\":true,\"valueName\":\"search_term_string\"}}],\"inLanguage\":\"fr-FR\"},{\"@type\":\"Organization\",\"@id\":\"https:\\\/\\\/www.sps-pumps.com\\\/fr\\\/#organization\",\"name\":\"SPS Pumps\",\"url\":\"https:\\\/\\\/www.sps-pumps.com\\\/fr\\\/\",\"logo\":{\"@type\":\"ImageObject\",\"inLanguage\":\"fr-FR\",\"@id\":\"https:\\\/\\\/www.sps-pumps.com\\\/fr\\\/#\\\/schema\\\/logo\\\/image\\\/\",\"url\":\"https:\\\/\\\/www.sps-pumps.com\\\/wp-content\\\/uploads\\\/2024\\\/04\\\/SPS-Logo-2016.jpg\",\"contentUrl\":\"https:\\\/\\\/www.sps-pumps.com\\\/wp-content\\\/uploads\\\/2024\\\/04\\\/SPS-Logo-2016.jpg\",\"width\":1420,\"height\":1208,\"caption\":\"SPS Pumps\"},\"image\":{\"@id\":\"https:\\\/\\\/www.sps-pumps.com\\\/fr\\\/#\\\/schema\\\/logo\\\/image\\\/\"},\"sameAs\":[\"https:\\\/\\\/www.facebook.com\\\/spspumpsbelgium\\\/\",\"https:\\\/\\\/www.linkedin.com\\\/company\\\/spspumps\\\/\"]}]}<\/script>\n<!-- \/ Yoast SEO Premium plugin. -->","yoast_head_json":{"title":"Pompes de Distribution Eau Potable. R\u00e9seaux Publics & Priv\u00e9s","description":"Pompes Grundfos \u2014 Gamme compl\u00e8te de pompes pour l'adduction et la distribution d'eau potable pour applications publiques & priv\u00e9es. +32 2 657 23 53.","robots":{"index":"index","follow":"follow","max-snippet":"max-snippet:-1","max-image-preview":"max-image-preview:large","max-video-preview":"max-video-preview:-1"},"canonical":"https:\/\/www.sps-pumps.com\/fr\/produits\/pompes-grundfos-pour-l-industrie\/pompes-grundfos-pour-l-adduction-d-eau\/","og_locale":"fr_FR","og_type":"article","og_title":"Pompes Grundfos pour l'Adduction d'Eau","og_description":"Pompes Grundfos \u2014 Gamme compl\u00e8te de pompes pour l'adduction et la distribution d'eau potable pour applications publiques & priv\u00e9es. +32 2 657 23 53.","og_url":"https:\/\/www.sps-pumps.com\/fr\/produits\/pompes-grundfos-pour-l-industrie\/pompes-grundfos-pour-l-adduction-d-eau\/","og_site_name":"SPS Pumps","article_publisher":"https:\/\/www.facebook.com\/spspumpsbelgium\/","article_modified_time":"2024-10-18T04:07:59+00:00","og_image":[{"width":240,"height":240,"url":"https:\/\/www.sps-pumps.com\/wp-content\/uploads\/2024\/06\/Grundfos-Water-Supply-Pumps-240x240-1.jpg","type":"image\/jpeg"}],"twitter_misc":{"Dur\u00e9e de lecture estim\u00e9e":"1 minute"},"schema":{"@context":"https:\/\/schema.org","@graph":[{"@type":"WebPage","@id":"https:\/\/www.sps-pumps.com\/fr\/produits\/pompes-grundfos-pour-l-industrie\/pompes-grundfos-pour-l-adduction-d-eau\/","url":"https:\/\/www.sps-pumps.com\/fr\/produits\/pompes-grundfos-pour-l-industrie\/pompes-grundfos-pour-l-adduction-d-eau\/","name":"Pompes de Distribution Eau Potable. R\u00e9seaux Publics & Priv\u00e9s","isPartOf":{"@id":"https:\/\/www.sps-pumps.com\/fr\/#website"},"primaryImageOfPage":{"@id":"https:\/\/www.sps-pumps.com\/fr\/produits\/pompes-grundfos-pour-l-industrie\/pompes-grundfos-pour-l-adduction-d-eau\/#primaryimage"},"image":{"@id":"https:\/\/www.sps-pumps.com\/fr\/produits\/pompes-grundfos-pour-l-industrie\/pompes-grundfos-pour-l-adduction-d-eau\/#primaryimage"},"thumbnailUrl":"https:\/\/www.sps-pumps.com\/wp-content\/uploads\/2024\/06\/Grundfos-Water-Supply-Pumps-240x240-1.jpg","datePublished":"2024-06-05T09:54:37+00:00","dateModified":"2024-10-18T04:07:59+00:00","description":"Pompes Grundfos \u2014 Gamme compl\u00e8te de pompes pour l'adduction et la distribution d'eau potable pour applications publiques & priv\u00e9es. +32 2 657 23 53.","breadcrumb":{"@id":"https:\/\/www.sps-pumps.com\/fr\/produits\/pompes-grundfos-pour-l-industrie\/pompes-grundfos-pour-l-adduction-d-eau\/#breadcrumb"},"inLanguage":"fr-FR","potentialAction":[{"@type":"ReadAction","target":["https:\/\/www.sps-pumps.com\/fr\/produits\/pompes-grundfos-pour-l-industrie\/pompes-grundfos-pour-l-adduction-d-eau\/"]}]},{"@type":"ImageObject","inLanguage":"fr-FR","@id":"https:\/\/www.sps-pumps.com\/fr\/produits\/pompes-grundfos-pour-l-industrie\/pompes-grundfos-pour-l-adduction-d-eau\/#primaryimage","url":"https:\/\/www.sps-pumps.com\/wp-content\/uploads\/2024\/06\/Grundfos-Water-Supply-Pumps-240x240-1.jpg","contentUrl":"https:\/\/www.sps-pumps.com\/wp-content\/uploads\/2024\/06\/Grundfos-Water-Supply-Pumps-240x240-1.jpg","width":240,"height":240},{"@type":"BreadcrumbList","@id":"https:\/\/www.sps-pumps.com\/fr\/produits\/pompes-grundfos-pour-l-industrie\/pompes-grundfos-pour-l-adduction-d-eau\/#breadcrumb","itemListElement":[{"@type":"ListItem","position":1,"name":"Home","item":"https:\/\/www.sps-pumps.com\/fr\/"},{"@type":"ListItem","position":2,"name":"Produits","item":"https:\/\/www.sps-pumps.com\/fr\/produits\/"},{"@type":"ListItem","position":3,"name":"Pompes Grundfos pour l&#8217;Industrie","item":"https:\/\/www.sps-pumps.com\/fr\/produits\/pompes-grundfos-pour-l-industrie\/"},{"@type":"ListItem","position":4,"name":"Pompes Grundfos pour l&rsquo;Adduction d&rsquo;Eau"}]},{"@type":"WebSite","@id":"https:\/\/www.sps-pumps.com\/fr\/#website","url":"https:\/\/www.sps-pumps.com\/fr\/","name":"SPS Pumps","description":"Spare Parts &amp; Services","publisher":{"@id":"https:\/\/www.sps-pumps.com\/fr\/#organization"},"potentialAction":[{"@type":"SearchAction","target":{"@type":"EntryPoint","urlTemplate":"https:\/\/www.sps-pumps.com\/fr\/?s={search_term_string}"},"query-input":{"@type":"PropertyValueSpecification","valueRequired":true,"valueName":"search_term_string"}}],"inLanguage":"fr-FR"},{"@type":"Organization","@id":"https:\/\/www.sps-pumps.com\/fr\/#organization","name":"SPS Pumps","url":"https:\/\/www.sps-pumps.com\/fr\/","logo":{"@type":"ImageObject","inLanguage":"fr-FR","@id":"https:\/\/www.sps-pumps.com\/fr\/#\/schema\/logo\/image\/","url":"https:\/\/www.sps-pumps.com\/wp-content\/uploads\/2024\/04\/SPS-Logo-2016.jpg","contentUrl":"https:\/\/www.sps-pumps.com\/wp-content\/uploads\/2024\/04\/SPS-Logo-2016.jpg","width":1420,"height":1208,"caption":"SPS Pumps"},"image":{"@id":"https:\/\/www.sps-pumps.com\/fr\/#\/schema\/logo\/image\/"},"sameAs":["https:\/\/www.facebook.com\/spspumpsbelgium\/","https:\/\/www.linkedin.com\/company\/spspumps\/"]}]}},"_links":{"self":[{"href":"https:\/\/www.sps-pumps.com\/fr\/wp-json\/wp\/v2\/product\/4242","targetHints":{"allow":["GET"]}}],"collection":[{"href":"https:\/\/www.sps-pumps.com\/fr\/wp-json\/wp\/v2\/product"}],"about":[{"href":"https:\/\/www.sps-pumps.com\/fr\/wp-json\/wp\/v2\/types\/product"}],"version-history":[{"count":2,"href":"https:\/\/www.sps-pumps.com\/fr\/wp-json\/wp\/v2\/product\/4242\/revisions"}],"predecessor-version":[{"id":9052,"href":"https:\/\/www.sps-pumps.com\/fr\/wp-json\/wp\/v2\/product\/4242\/revisions\/9052"}],"up":[{"embeddable":true,"href":"https:\/\/www.sps-pumps.com\/fr\/wp-json\/wp\/v2\/product\/48"}],"wp:featuredmedia":[{"embeddable":true,"href":"https:\/\/www.sps-pumps.com\/fr\/wp-json\/wp\/v2\/media\/1644"}],"wp:attachment":[{"href":"https:\/\/www.sps-pumps.com\/fr\/wp-json\/wp\/v2\/media?parent=4242"}],"curies":[{"name":"wp","href":"https:\/\/api.w.org\/{rel}","templated":true}]}}