{"id":4292,"date":"2024-06-07T09:39:51","date_gmt":"2024-06-07T07:39:51","guid":{"rendered":"https:\/\/www.sps-pumps.com\/?post_type=product&#038;p=4292"},"modified":"2025-02-05T11:01:27","modified_gmt":"2025-02-05T10:01:27","slug":"wangen-twin-pompes-sanitaires-a-double-vis","status":"publish","type":"product","link":"https:\/\/www.sps-pumps.com\/fr\/produits\/pompes-wangen\/pompes-wangen-hygieniques\/wangen-twin-pompes-sanitaires-a-double-vis\/","title":{"rendered":"Wangen Twin \u2014 Pompes Sanitaires \u00e0 Double Vis"},"content":{"rendered":"\n<figure class=\"wp-block-image size-full\"><img loading=\"lazy\" decoding=\"async\" width=\"781\" height=\"381\" src=\"https:\/\/www.sps-pumps.com\/wp-content\/uploads\/2024\/06\/Wangen-Twin-Screw-104-NG-Header-01-New-781.jpg\" alt=\"\" class=\"wp-image-2395\" srcset=\"https:\/\/www.sps-pumps.com\/wp-content\/uploads\/2024\/06\/Wangen-Twin-Screw-104-NG-Header-01-New-781.jpg 781w, https:\/\/www.sps-pumps.com\/wp-content\/uploads\/2024\/06\/Wangen-Twin-Screw-104-NG-Header-01-New-781-300x146.jpg 300w, https:\/\/www.sps-pumps.com\/wp-content\/uploads\/2024\/06\/Wangen-Twin-Screw-104-NG-Header-01-New-781-768x375.jpg 768w\" sizes=\"auto, (max-width: 781px) 100vw, 781px\" \/><\/figure>\n\n\n\n<h2 class=\"wp-block-heading\" id=\"h-fluides-visqueux-et-delicats\">Fluides Visqueux et D\u00e9licats<\/h2>\n\n\n\n<ul class=\"wp-block-list\">\n<li>Convient pour tous fluides tr\u00e8s d\u00e9licats \u2014 pas de d\u00e9chirement<\/li>\n\n\n\n<li>Vitesse variable \u2014 tr\u00e8s grande plage de d\u00e9bit<\/li>\n\n\n\n<li>Flux sans pulsation<\/li>\n\n\n\n<li>R\u00e9versible<\/li>\n\n\n\n<li>Convient aux fruits, \u00e0 la viande,\u2026<\/li>\n\n\n\n<li>Viscosit\u00e9 jusqu\u2019\u00e0 1.000.000 cPS<\/li>\n\n\n\n<li>Gr\u00e2ce a la grande plage de vitesse, convient aussi pour le process CIP<\/li>\n<\/ul>\n\n\n\n<div style=\"height:100px\" aria-hidden=\"true\" class=\"wp-block-spacer\"><\/div>\n\n\n\n<h2 class=\"wp-block-heading\" id=\"h-les-pompes-wangen-twin-la-solution-economique-amp-fiable-pour-applications-sanitaires\">Les Pompes Wangen Twin<br>La Solution Economique &amp; Fiable pour Applications Sanitaires<\/h2>\n\n\n\n<div class=\"wp-block-media-text has-media-on-the-right is-stacked-on-mobile\" style=\"grid-template-columns:auto 43%\"><div class=\"wp-block-media-text__content\">\n<p>Pour les applications dans l\u2019industrie alimentaire et cosm\u00e9tique, la soci\u00e9t\u00e9 Wangen dispose de solutions intelligentes r<strong><mark style=\"background-color:rgba(0, 0, 0, 0)\" class=\"has-inline-color has-vivid-red-color\">\u00e9pondant aux r\u00e8gles sanitaires strictes de ce secteur<\/mark><\/strong>.<br>La pompe \u00e0 double vis WANGEN Twin est l\u2019une de ces solutions.<br>Elle fait partie des solutions de convoyage hygi\u00e9niques de Wangen et a \u00e9t\u00e9 <strong><mark style=\"background-color:rgba(0, 0, 0, 0)\" class=\"has-inline-color has-vivid-red-color\">con\u00e7ue pour convoyer les produits d\u2019une large gamme de viscosit\u00e9s, de fluides tr\u00e8s volatiles ou fort contenu gazeux, en toute s\u00e9curit\u00e9 et pour les applications n\u00e9cessitant un haut degr\u00e9 d\u2019hygi\u00e8ne et d\u2019efficacit\u00e9<\/mark><\/strong>.<br>La pompe WANGEN Twin peut \u00eatre chauff\u00e9e pour les produits sp\u00e9ciaux.<\/p>\n<\/div><figure class=\"wp-block-media-text__media\"><a href=\"https:\/\/www.sps-pumps.com\/wp-content\/uploads\/2024\/06\/Wangen-Informative-booklet-Type-Twin-screwsEN.jpg\"><img loading=\"lazy\" decoding=\"async\" width=\"983\" height=\"781\" src=\"https:\/\/www.sps-pumps.com\/wp-content\/uploads\/2024\/06\/Wangen-Informative-booklet-Type-Twin-screwsEN.jpg\" alt=\"\" class=\"wp-image-14113 size-full\" srcset=\"https:\/\/www.sps-pumps.com\/wp-content\/uploads\/2024\/06\/Wangen-Informative-booklet-Type-Twin-screwsEN.jpg 983w, https:\/\/www.sps-pumps.com\/wp-content\/uploads\/2024\/06\/Wangen-Informative-booklet-Type-Twin-screwsEN-300x238.jpg 300w, https:\/\/www.sps-pumps.com\/wp-content\/uploads\/2024\/06\/Wangen-Informative-booklet-Type-Twin-screwsEN-768x610.jpg 768w\" sizes=\"auto, (max-width: 983px) 100vw, 983px\" \/><\/a><\/figure><\/div>\n\n\n\n<div style=\"height:100px\" aria-hidden=\"true\" class=\"wp-block-spacer\"><\/div>\n\n\n\n<h2 class=\"wp-block-heading\" id=\"h-deux-pompes-en-une\">Deux Pompes en Une<\/h2>\n\n\n\n<p>La pompe WANGEN Twin peut \u00eatre utilis\u00e9e en tant que<strong>&nbsp;<mark style=\"background-color:rgba(0, 0, 0, 0)\" class=\"has-inline-color has-vivid-red-color\">pompe de produit principal et en pompe CIP<\/mark><\/strong>.<br>Donc une \u00e9pargne suppl\u00e9mentaire, car les frais relatifs \u00e0 la pompe centrifuge s\u00e9par\u00e9e destin\u00e9e au nettoyage CIP des circuits principaux, de d\u00e9rivation et aux valves est dor\u00e9navant inutile.<br>Apr\u00e8s le convoyage de des produits, remplissez la pompe WANGEN Twin de fluide de nettoyage ou d\u2019eau.<br>Il suffit alors de la faire fonctionner \u00e0 tr\u00e8s haute vitesse pour la nettoyer.<br>La pompe <strong><mark style=\"background-color:rgba(0, 0, 0, 0)\" class=\"has-inline-color has-vivid-red-color\">Wangen<\/mark><\/strong> <strong><mark style=\"background-color:rgba(0, 0, 0, 0)\" class=\"has-inline-color has-vivid-red-color\">Twin remplit donc deux r\u00f4les : convoyer le fluide, sa fonction principle, mais aussi, la fonction de nettoyage CIP<\/mark><\/strong>.<br>Plus de fiabilit\u00e9, un fluide convoyer tout en douceur, et une pompe de nettoyage en moins, voil\u00e0 encore un avantage de la pompe Wangen Twin.<\/p>\n\n\n\n<div style=\"height:100px\" aria-hidden=\"true\" class=\"wp-block-spacer\"><\/div>\n\n\n\n<h2 class=\"wp-block-heading\" id=\"h-des-performances-exceptionnelles\">Des Performances Exceptionnelles<\/h2>\n\n\n\n<p>La pompe WANGEN Twin montrent d\u2019excellents des r\u00e9sultats en termes de nettoyage SIP et CIP.<br>Gr\u00e2ce \u00e0 ses caract\u00e9ristiques uniques la pompe WANGEN Twin offre<br>&nbsp;&nbsp;<br>Avec la pompe WANGEN Twin, \u00e9vitez les nettoyages fastidieux, les r\u00e9parations fr\u00e9quentes, le haut degr\u00e9 d\u2019usure et les arr\u00eats de production on\u00e9reux gr\u00e2ce \u00e0 une s\u00e9lection de mat\u00e9riaux de haute qualit\u00e9 et \u00e0 un principe de fonctionnement sophistiqu\u00e9.<\/p>\n\n\n\n<h3 class=\"wp-block-heading\" id=\"h-aspiration-exceptionnelle\">Aspiration Exceptionnelle<\/h3>\n\n\n\n<p>Le transport axial et la faible acc\u00e9l\u00e9ration du produit dans la pompe permettent d\u2019obtenir des valeurs de <strong><mark style=\"background-color:rgba(0, 0, 0, 0)\" class=\"has-inline-color has-vivid-red-color\">NPSHR inf\u00e9rieures \u00e0 2 m<\/mark><\/strong>. <br>Id\u00e9ales pour vider les r\u00e9servoirs et tanks Pour le pompage de produits visqueux ou \u00e0 bas point d\u2019\u00e9bullition.<\/p>\n\n\n\n<h3 class=\"wp-block-heading\" id=\"h-direction-de-pompage-reversible\">Direction de pompage r\u00e9versible<\/h3>\n\n\n\n<p>Le pompage dans les deux sens est possible en inversant le sens de rotation.<br>Peut \u00eatre utilis\u00e9e comme pompe de chargement et de d\u00e9chargement.<\/p>\n\n\n\n<h3 class=\"wp-block-heading\" id=\"h-large-gamme-de-viscosite\">Large gamme de viscosit\u00e9<\/h3>\n\n\n\n<p>Des <strong><mark style=\"background-color:rgba(0, 0, 0, 0)\" class=\"has-inline-color has-vivid-red-color\">viscosit\u00e9s pouvant atteindre 1,000,000 mPas<\/mark><\/strong>. D\u00e9bit de pompage est fonction de la vitesse de rotation, m\u00eame avec des viscosit\u00e9s faibles (0,5 mPas). <br>Pompage de tous produits basse \u00e0 haute viscosit\u00e9 Pompage de diff\u00e9rents produits \u00e0 l\u2019aide d\u2019une seule pompe possible.<\/p>\n\n\n\n<h3 class=\"wp-block-heading\" id=\"h-tolere-la-marche-a-sec\">Tol\u00e8re la marche \u00e0 sec<\/h3>\n\n\n\n<p>Le fonctionnement sans contact des vis d\u2019alimentation rend la pompe <strong><mark style=\"background-color:rgba(0, 0, 0, 0)\" class=\"has-inline-color has-vivid-red-color\">totalement insensible au fonctionnement \u00e0 sec<\/mark><\/strong>.<\/p>\n\n\n\n<h3 class=\"wp-block-heading\" id=\"h-jusqu-a-60-de-gaz-dans-le-fluide\">Jusqu\u2019\u00e0 60% de gaz dans le fluide<\/h3>\n\n\n\n<p>Les vitesses \u00e9lev\u00e9es permettent d\u2019acheminer des produits compressibles avec la pompe.<\/p>\n\n\n\n<h3 class=\"wp-block-heading\" id=\"h-pas-de-pulsation\">Pas de pulsation<\/h3>\n\n\n\n<p>Le pompage axial et la faible acc\u00e9l\u00e9ration du produit dans la pompe garantissent de <strong><mark style=\"background-color:rgba(0, 0, 0, 0)\" class=\"has-inline-color has-vivid-red-color\">faibles pulsations et pas de d\u00e9chirement<\/mark><\/strong>. Les faibles forces de cisaillement maintiennent l\u2019int\u00e9grit\u00e9 structurelle et visuelle des ingr\u00e9dients du produit, assurant le transport en douceur des produits sensibles Convient pour les applications n\u00e9cessitant une grande pr\u00e9cision de dosage<\/p>\n\n\n\n<div style=\"height:100px\" aria-hidden=\"true\" class=\"wp-block-spacer\"><\/div>\n\n\n\n<h2 class=\"wp-block-heading\" id=\"h-caracteristiques-techniques\">Caract\u00e9ristiques techniques<\/h2>\n\n\n\n<ul class=\"wp-block-list\">\n<li>Max. flow jusqu&rsquo;\u00e0 200 m<sup>3<\/sup>\/h<\/li>\n\n\n\n<li>Max temperature +130 \u00b0 C<\/li>\n\n\n\n<li>Max. Differential pressure 30 bar<\/li>\n\n\n\n<li>Viscosity up to 1,000,000 mPas<\/li>\n<\/ul>\n\n\n\n<div style=\"height:100px\" aria-hidden=\"true\" class=\"wp-block-spacer\"><\/div>\n\n\n\n<h2 class=\"wp-block-heading\" id=\"h-sps-pumps-est-la-pour-vous-assister\">SPS Pumps est l\u00e0 pour vous Assister<\/h2>\n\n\n\n<p>Chez SPS Pumps, notre <strong><mark style=\"background-color:rgba(0, 0, 0, 0)\" class=\"has-inline-color has-vivid-red-color\"><a href=\"https:\/\/www.sps-pumps.com\/fr\/produits\/pompes-wangen\/#h-sps-pumps-centre-d-excellence-pompes-wangen\">Centre d&rsquo;Excellence Wangen Pumps<\/a><\/mark><\/strong> est l\u00e0 pour vous aider \u00e0 trouver la pompe la plus adapt\u00e9e \u00e0 votre application.<\/p>\n\n\n\n<div style=\"height:50px\" aria-hidden=\"true\" class=\"wp-block-spacer\"><\/div>\n\n\n\n<div class=\"wp-block-buttons is-content-justification-center is-layout-flex wp-container-core-buttons-is-layout-16018d1d wp-block-buttons-is-layout-flex\">\n<div class=\"wp-block-button\"><a class=\"wp-block-button__link wp-element-button\" href=\"https:\/\/www.sps-pumps.com\/fr\/produits\/pompes-wangen\/#h-sps-pumps-centre-d-excellence-pompes-wangen\">Centre d&rsquo;Excellence Wangen Pumps by SPS Pumps<\/a><\/div>\n<\/div>\n\n\n\n<div style=\"height:75px\" aria-hidden=\"true\" class=\"wp-block-spacer\"><\/div>\n\n\n\n<h2 class=\"wp-block-heading\" id=\"h-besoin-d-aide-contactez-nous-des-aujourd-hui\">Besoin d&rsquo;aide ? <br>Contactez nous d\u00e8s aujourd&rsquo;hui !<\/h2>\n\n\n\n<p>Appelez-nous au&nbsp;<strong><a href=\"tel:+32 2 657 23 53\"><mark style=\"background-color:rgba(0, 0, 0, 0)\" class=\"has-inline-color has-vivid-red-color\">+32 2 657 23 53<\/mark><\/a><\/strong>&nbsp;ou envoyez-nous un courriel \u00e0&nbsp;<a href=\"mailto:info@sps-pumps.com\"><strong><mark style=\"background-color:rgba(0, 0, 0, 0)\" class=\"has-inline-color has-vivid-red-color\">info@sps-pumps.com<\/mark><\/strong><\/a>.<\/p>\n\n\n\n<div style=\"height:50px\" aria-hidden=\"true\" class=\"wp-block-spacer\"><\/div>\n\n\n\n<div class=\"wp-block-buttons is-content-justification-center is-layout-flex wp-container-core-buttons-is-layout-16018d1d wp-block-buttons-is-layout-flex\">\n<div class=\"wp-block-button\"><a class=\"wp-block-button__link wp-element-button\" href=\"mailto:info@sps-pumps.com\">Envoyez-nous un e-mail<\/a><\/div>\n\n\n\n<div class=\"wp-block-button\"><a class=\"wp-block-button__link wp-element-button\" href=\"tel:+32 2 657 23 53\">Appelez le +32 2 657 23 53<\/a><\/div>\n<\/div>\n\n\n\n<div style=\"height:50px\" aria-hidden=\"true\" class=\"wp-block-spacer\"><\/div>\n\n\n\n<p class=\"has-small-font-size\">Ces informations sont fournies avec la permission et courtoisie de Wangen Pumpen GmbH.<\/p>\n","protected":false},"featured_media":2297,"parent":4289,"menu_order":381,"template":"","meta":{"_acf_changed":false,"footnotes":""},"class_list":["post-4292","product","type-product","status-publish","has-post-thumbnail","hentry"],"acf":[],"yoast_head":"<!-- This site is optimized with the Yoast SEO Premium plugin v27.3 (Yoast SEO v27.5) - https:\/\/yoast.com\/product\/yoast-seo-premium-wordpress\/ -->\n<title>Wangen Twin - Pompes \u00e0 Double Vis. Applications Alimentaires<\/title>\n<meta name=\"description\" content=\"Wangen Twin pompes \u00e0 double vis pour applications alimentaires et industrielles. Tous types de fluides d\u00e9licats, fruits, viandes, etc. +32 2 657 23 53.\" \/>\n<meta name=\"robots\" content=\"index, follow, max-snippet:-1, max-image-preview:large, max-video-preview:-1\" \/>\n<link rel=\"canonical\" href=\"https:\/\/www.sps-pumps.com\/fr\/produits\/pompes-wangen\/pompes-wangen-hygieniques\/wangen-twin-pompes-sanitaires-a-double-vis\/\" \/>\n<meta property=\"og:locale\" content=\"fr_FR\" \/>\n<meta property=\"og:type\" content=\"article\" \/>\n<meta property=\"og:title\" content=\"Wangen Twin \u2014 Pompes Sanitaires \u00e0 Double Vis\" \/>\n<meta property=\"og:description\" content=\"Wangen Twin pompes \u00e0 double vis pour applications alimentaires et industrielles. Tous types de fluides d\u00e9licats, fruits, viandes, etc. +32 2 657 23 53.\" \/>\n<meta property=\"og:url\" content=\"https:\/\/www.sps-pumps.com\/fr\/produits\/pompes-wangen\/pompes-wangen-hygieniques\/wangen-twin-pompes-sanitaires-a-double-vis\/\" \/>\n<meta property=\"og:site_name\" content=\"SPS Pumps\" \/>\n<meta property=\"article:publisher\" content=\"https:\/\/www.facebook.com\/spspumpsbelgium\/\" \/>\n<meta property=\"article:modified_time\" content=\"2025-02-05T10:01:27+00:00\" \/>\n<meta property=\"og:image\" content=\"https:\/\/www.sps-pumps.com\/wp-content\/uploads\/2024\/06\/Twin_Screw_Pump_Wangen_Twin-240x240-1.jpg\" \/>\n\t<meta property=\"og:image:width\" content=\"240\" \/>\n\t<meta property=\"og:image:height\" content=\"240\" \/>\n\t<meta property=\"og:image:type\" content=\"image\/jpeg\" \/>\n<meta name=\"twitter:label1\" content=\"Dur\u00e9e de lecture estim\u00e9e\" \/>\n\t<meta name=\"twitter:data1\" content=\"4 minutes\" \/>\n<script type=\"application\/ld+json\" class=\"yoast-schema-graph\">{\"@context\":\"https:\\\/\\\/schema.org\",\"@graph\":[{\"@type\":\"WebPage\",\"@id\":\"https:\\\/\\\/www.sps-pumps.com\\\/fr\\\/produits\\\/pompes-wangen\\\/pompes-wangen-hygieniques\\\/wangen-twin-pompes-sanitaires-a-double-vis\\\/\",\"url\":\"https:\\\/\\\/www.sps-pumps.com\\\/fr\\\/produits\\\/pompes-wangen\\\/pompes-wangen-hygieniques\\\/wangen-twin-pompes-sanitaires-a-double-vis\\\/\",\"name\":\"Wangen Twin - Pompes \u00e0 Double Vis. Applications Alimentaires\",\"isPartOf\":{\"@id\":\"https:\\\/\\\/www.sps-pumps.com\\\/fr\\\/#website\"},\"primaryImageOfPage\":{\"@id\":\"https:\\\/\\\/www.sps-pumps.com\\\/fr\\\/produits\\\/pompes-wangen\\\/pompes-wangen-hygieniques\\\/wangen-twin-pompes-sanitaires-a-double-vis\\\/#primaryimage\"},\"image\":{\"@id\":\"https:\\\/\\\/www.sps-pumps.com\\\/fr\\\/produits\\\/pompes-wangen\\\/pompes-wangen-hygieniques\\\/wangen-twin-pompes-sanitaires-a-double-vis\\\/#primaryimage\"},\"thumbnailUrl\":\"https:\\\/\\\/www.sps-pumps.com\\\/wp-content\\\/uploads\\\/2024\\\/06\\\/Twin_Screw_Pump_Wangen_Twin-240x240-1.jpg\",\"datePublished\":\"2024-06-07T07:39:51+00:00\",\"dateModified\":\"2025-02-05T10:01:27+00:00\",\"description\":\"Wangen Twin pompes \u00e0 double vis pour applications alimentaires et industrielles. Tous types de fluides d\u00e9licats, fruits, viandes, etc. +32 2 657 23 53.\",\"breadcrumb\":{\"@id\":\"https:\\\/\\\/www.sps-pumps.com\\\/fr\\\/produits\\\/pompes-wangen\\\/pompes-wangen-hygieniques\\\/wangen-twin-pompes-sanitaires-a-double-vis\\\/#breadcrumb\"},\"inLanguage\":\"fr-FR\",\"potentialAction\":[{\"@type\":\"ReadAction\",\"target\":[\"https:\\\/\\\/www.sps-pumps.com\\\/fr\\\/produits\\\/pompes-wangen\\\/pompes-wangen-hygieniques\\\/wangen-twin-pompes-sanitaires-a-double-vis\\\/\"]}]},{\"@type\":\"ImageObject\",\"inLanguage\":\"fr-FR\",\"@id\":\"https:\\\/\\\/www.sps-pumps.com\\\/fr\\\/produits\\\/pompes-wangen\\\/pompes-wangen-hygieniques\\\/wangen-twin-pompes-sanitaires-a-double-vis\\\/#primaryimage\",\"url\":\"https:\\\/\\\/www.sps-pumps.com\\\/wp-content\\\/uploads\\\/2024\\\/06\\\/Twin_Screw_Pump_Wangen_Twin-240x240-1.jpg\",\"contentUrl\":\"https:\\\/\\\/www.sps-pumps.com\\\/wp-content\\\/uploads\\\/2024\\\/06\\\/Twin_Screw_Pump_Wangen_Twin-240x240-1.jpg\",\"width\":240,\"height\":240},{\"@type\":\"BreadcrumbList\",\"@id\":\"https:\\\/\\\/www.sps-pumps.com\\\/fr\\\/produits\\\/pompes-wangen\\\/pompes-wangen-hygieniques\\\/wangen-twin-pompes-sanitaires-a-double-vis\\\/#breadcrumb\",\"itemListElement\":[{\"@type\":\"ListItem\",\"position\":1,\"name\":\"Home\",\"item\":\"https:\\\/\\\/www.sps-pumps.com\\\/fr\\\/\"},{\"@type\":\"ListItem\",\"position\":2,\"name\":\"Produits\",\"item\":\"https:\\\/\\\/www.sps-pumps.com\\\/fr\\\/produits\\\/\"},{\"@type\":\"ListItem\",\"position\":3,\"name\":\"Pompes Wangen\",\"item\":\"https:\\\/\\\/www.sps-pumps.com\\\/fr\\\/produits\\\/pompes-wangen\\\/\"},{\"@type\":\"ListItem\",\"position\":4,\"name\":\"Pompes Wangen Hygi\u00e9niques\",\"item\":\"https:\\\/\\\/www.sps-pumps.com\\\/fr\\\/produits\\\/pompes-wangen\\\/pompes-wangen-hygieniques\\\/\"},{\"@type\":\"ListItem\",\"position\":5,\"name\":\"Wangen Twin \u2014 Pompes Sanitaires \u00e0 Double Vis\"}]},{\"@type\":\"WebSite\",\"@id\":\"https:\\\/\\\/www.sps-pumps.com\\\/fr\\\/#website\",\"url\":\"https:\\\/\\\/www.sps-pumps.com\\\/fr\\\/\",\"name\":\"SPS Pumps\",\"description\":\"Spare Parts &amp; Services\",\"publisher\":{\"@id\":\"https:\\\/\\\/www.sps-pumps.com\\\/fr\\\/#organization\"},\"potentialAction\":[{\"@type\":\"SearchAction\",\"target\":{\"@type\":\"EntryPoint\",\"urlTemplate\":\"https:\\\/\\\/www.sps-pumps.com\\\/fr\\\/?s={search_term_string}\"},\"query-input\":{\"@type\":\"PropertyValueSpecification\",\"valueRequired\":true,\"valueName\":\"search_term_string\"}}],\"inLanguage\":\"fr-FR\"},{\"@type\":\"Organization\",\"@id\":\"https:\\\/\\\/www.sps-pumps.com\\\/fr\\\/#organization\",\"name\":\"SPS Pumps\",\"url\":\"https:\\\/\\\/www.sps-pumps.com\\\/fr\\\/\",\"logo\":{\"@type\":\"ImageObject\",\"inLanguage\":\"fr-FR\",\"@id\":\"https:\\\/\\\/www.sps-pumps.com\\\/fr\\\/#\\\/schema\\\/logo\\\/image\\\/\",\"url\":\"https:\\\/\\\/www.sps-pumps.com\\\/wp-content\\\/uploads\\\/2024\\\/04\\\/SPS-Logo-2016.jpg\",\"contentUrl\":\"https:\\\/\\\/www.sps-pumps.com\\\/wp-content\\\/uploads\\\/2024\\\/04\\\/SPS-Logo-2016.jpg\",\"width\":1420,\"height\":1208,\"caption\":\"SPS Pumps\"},\"image\":{\"@id\":\"https:\\\/\\\/www.sps-pumps.com\\\/fr\\\/#\\\/schema\\\/logo\\\/image\\\/\"},\"sameAs\":[\"https:\\\/\\\/www.facebook.com\\\/spspumpsbelgium\\\/\",\"https:\\\/\\\/www.linkedin.com\\\/company\\\/spspumps\\\/\"]}]}<\/script>\n<!-- \/ Yoast SEO Premium plugin. -->","yoast_head_json":{"title":"Wangen Twin - Pompes \u00e0 Double Vis. Applications Alimentaires","description":"Wangen Twin pompes \u00e0 double vis pour applications alimentaires et industrielles. Tous types de fluides d\u00e9licats, fruits, viandes, etc. +32 2 657 23 53.","robots":{"index":"index","follow":"follow","max-snippet":"max-snippet:-1","max-image-preview":"max-image-preview:large","max-video-preview":"max-video-preview:-1"},"canonical":"https:\/\/www.sps-pumps.com\/fr\/produits\/pompes-wangen\/pompes-wangen-hygieniques\/wangen-twin-pompes-sanitaires-a-double-vis\/","og_locale":"fr_FR","og_type":"article","og_title":"Wangen Twin \u2014 Pompes Sanitaires \u00e0 Double Vis","og_description":"Wangen Twin pompes \u00e0 double vis pour applications alimentaires et industrielles. Tous types de fluides d\u00e9licats, fruits, viandes, etc. +32 2 657 23 53.","og_url":"https:\/\/www.sps-pumps.com\/fr\/produits\/pompes-wangen\/pompes-wangen-hygieniques\/wangen-twin-pompes-sanitaires-a-double-vis\/","og_site_name":"SPS Pumps","article_publisher":"https:\/\/www.facebook.com\/spspumpsbelgium\/","article_modified_time":"2025-02-05T10:01:27+00:00","og_image":[{"width":240,"height":240,"url":"https:\/\/www.sps-pumps.com\/wp-content\/uploads\/2024\/06\/Twin_Screw_Pump_Wangen_Twin-240x240-1.jpg","type":"image\/jpeg"}],"twitter_misc":{"Dur\u00e9e de lecture estim\u00e9e":"4 minutes"},"schema":{"@context":"https:\/\/schema.org","@graph":[{"@type":"WebPage","@id":"https:\/\/www.sps-pumps.com\/fr\/produits\/pompes-wangen\/pompes-wangen-hygieniques\/wangen-twin-pompes-sanitaires-a-double-vis\/","url":"https:\/\/www.sps-pumps.com\/fr\/produits\/pompes-wangen\/pompes-wangen-hygieniques\/wangen-twin-pompes-sanitaires-a-double-vis\/","name":"Wangen Twin - Pompes \u00e0 Double Vis. Applications Alimentaires","isPartOf":{"@id":"https:\/\/www.sps-pumps.com\/fr\/#website"},"primaryImageOfPage":{"@id":"https:\/\/www.sps-pumps.com\/fr\/produits\/pompes-wangen\/pompes-wangen-hygieniques\/wangen-twin-pompes-sanitaires-a-double-vis\/#primaryimage"},"image":{"@id":"https:\/\/www.sps-pumps.com\/fr\/produits\/pompes-wangen\/pompes-wangen-hygieniques\/wangen-twin-pompes-sanitaires-a-double-vis\/#primaryimage"},"thumbnailUrl":"https:\/\/www.sps-pumps.com\/wp-content\/uploads\/2024\/06\/Twin_Screw_Pump_Wangen_Twin-240x240-1.jpg","datePublished":"2024-06-07T07:39:51+00:00","dateModified":"2025-02-05T10:01:27+00:00","description":"Wangen Twin pompes \u00e0 double vis pour applications alimentaires et industrielles. Tous types de fluides d\u00e9licats, fruits, viandes, etc. +32 2 657 23 53.","breadcrumb":{"@id":"https:\/\/www.sps-pumps.com\/fr\/produits\/pompes-wangen\/pompes-wangen-hygieniques\/wangen-twin-pompes-sanitaires-a-double-vis\/#breadcrumb"},"inLanguage":"fr-FR","potentialAction":[{"@type":"ReadAction","target":["https:\/\/www.sps-pumps.com\/fr\/produits\/pompes-wangen\/pompes-wangen-hygieniques\/wangen-twin-pompes-sanitaires-a-double-vis\/"]}]},{"@type":"ImageObject","inLanguage":"fr-FR","@id":"https:\/\/www.sps-pumps.com\/fr\/produits\/pompes-wangen\/pompes-wangen-hygieniques\/wangen-twin-pompes-sanitaires-a-double-vis\/#primaryimage","url":"https:\/\/www.sps-pumps.com\/wp-content\/uploads\/2024\/06\/Twin_Screw_Pump_Wangen_Twin-240x240-1.jpg","contentUrl":"https:\/\/www.sps-pumps.com\/wp-content\/uploads\/2024\/06\/Twin_Screw_Pump_Wangen_Twin-240x240-1.jpg","width":240,"height":240},{"@type":"BreadcrumbList","@id":"https:\/\/www.sps-pumps.com\/fr\/produits\/pompes-wangen\/pompes-wangen-hygieniques\/wangen-twin-pompes-sanitaires-a-double-vis\/#breadcrumb","itemListElement":[{"@type":"ListItem","position":1,"name":"Home","item":"https:\/\/www.sps-pumps.com\/fr\/"},{"@type":"ListItem","position":2,"name":"Produits","item":"https:\/\/www.sps-pumps.com\/fr\/produits\/"},{"@type":"ListItem","position":3,"name":"Pompes Wangen","item":"https:\/\/www.sps-pumps.com\/fr\/produits\/pompes-wangen\/"},{"@type":"ListItem","position":4,"name":"Pompes Wangen Hygi\u00e9niques","item":"https:\/\/www.sps-pumps.com\/fr\/produits\/pompes-wangen\/pompes-wangen-hygieniques\/"},{"@type":"ListItem","position":5,"name":"Wangen Twin \u2014 Pompes Sanitaires \u00e0 Double Vis"}]},{"@type":"WebSite","@id":"https:\/\/www.sps-pumps.com\/fr\/#website","url":"https:\/\/www.sps-pumps.com\/fr\/","name":"SPS Pumps","description":"Spare Parts &amp; Services","publisher":{"@id":"https:\/\/www.sps-pumps.com\/fr\/#organization"},"potentialAction":[{"@type":"SearchAction","target":{"@type":"EntryPoint","urlTemplate":"https:\/\/www.sps-pumps.com\/fr\/?s={search_term_string}"},"query-input":{"@type":"PropertyValueSpecification","valueRequired":true,"valueName":"search_term_string"}}],"inLanguage":"fr-FR"},{"@type":"Organization","@id":"https:\/\/www.sps-pumps.com\/fr\/#organization","name":"SPS Pumps","url":"https:\/\/www.sps-pumps.com\/fr\/","logo":{"@type":"ImageObject","inLanguage":"fr-FR","@id":"https:\/\/www.sps-pumps.com\/fr\/#\/schema\/logo\/image\/","url":"https:\/\/www.sps-pumps.com\/wp-content\/uploads\/2024\/04\/SPS-Logo-2016.jpg","contentUrl":"https:\/\/www.sps-pumps.com\/wp-content\/uploads\/2024\/04\/SPS-Logo-2016.jpg","width":1420,"height":1208,"caption":"SPS Pumps"},"image":{"@id":"https:\/\/www.sps-pumps.com\/fr\/#\/schema\/logo\/image\/"},"sameAs":["https:\/\/www.facebook.com\/spspumpsbelgium\/","https:\/\/www.linkedin.com\/company\/spspumps\/"]}]}},"_links":{"self":[{"href":"https:\/\/www.sps-pumps.com\/fr\/wp-json\/wp\/v2\/product\/4292","targetHints":{"allow":["GET"]}}],"collection":[{"href":"https:\/\/www.sps-pumps.com\/fr\/wp-json\/wp\/v2\/product"}],"about":[{"href":"https:\/\/www.sps-pumps.com\/fr\/wp-json\/wp\/v2\/types\/product"}],"version-history":[{"count":1,"href":"https:\/\/www.sps-pumps.com\/fr\/wp-json\/wp\/v2\/product\/4292\/revisions"}],"predecessor-version":[{"id":14126,"href":"https:\/\/www.sps-pumps.com\/fr\/wp-json\/wp\/v2\/product\/4292\/revisions\/14126"}],"up":[{"embeddable":true,"href":"https:\/\/www.sps-pumps.com\/fr\/wp-json\/wp\/v2\/product\/4289"}],"wp:featuredmedia":[{"embeddable":true,"href":"https:\/\/www.sps-pumps.com\/fr\/wp-json\/wp\/v2\/media\/2297"}],"wp:attachment":[{"href":"https:\/\/www.sps-pumps.com\/fr\/wp-json\/wp\/v2\/media?parent=4292"}],"curies":[{"name":"wp","href":"https:\/\/api.w.org\/{rel}","templated":true}]}}