{"id":4347,"date":"2024-06-07T15:42:57","date_gmt":"2024-06-07T13:42:57","guid":{"rendered":"https:\/\/www.sps-pumps.com\/?post_type=product&#038;p=4347"},"modified":"2024-12-01T12:42:31","modified_gmt":"2024-12-01T11:42:31","slug":"argal-quantum-ddq","status":"publish","type":"product","link":"https:\/\/www.sps-pumps.com\/fr\/produits\/pompes-a-membrane-argalair\/argal-quantum-ddq\/","title":{"rendered":"Argal Quantum DDQ"},"content":{"rendered":"\n<div class=\"wp-block-media-text is-stacked-on-mobile\"><figure class=\"wp-block-media-text__media\"><img loading=\"lazy\" decoding=\"async\" width=\"379\" height=\"351\" src=\"https:\/\/www.sps-pumps.com\/wp-content\/uploads\/2024\/06\/Argal-Quantum-QT-160-Header-01-1.jpg\" alt=\"\" class=\"wp-image-7622 size-full\" srcset=\"https:\/\/www.sps-pumps.com\/wp-content\/uploads\/2024\/06\/Argal-Quantum-QT-160-Header-01-1.jpg 379w, https:\/\/www.sps-pumps.com\/wp-content\/uploads\/2024\/06\/Argal-Quantum-QT-160-Header-01-1-300x278.jpg 300w\" sizes=\"auto, (max-width: 379px) 100vw, 379px\" \/><\/figure><div class=\"wp-block-media-text__content\">\n<h2 class=\"wp-block-heading\" id=\"h-argalair-quantum-ddq\">ArgalAIR QUANTUM DDQ<\/h2>\n\n\n\n<ul class=\"wp-block-list\">\n<li>Remplacement des membranes et des billes sans d\u00e9montage de la pompe de son circuit<\/li>\n\n\n\n<li>Consommation d\u2019air r\u00e9duite<\/li>\n\n\n\n<li>Construction extr\u00eamement robuste, corps de pomes en UPPE ou PTFE<\/li>\n\n\n\n<li>Peut \u00eatre install\u00e9e directement en ligne de production<\/li>\n\n\n\n<li>Supporte la marche \u00e0 sec occasionnelle<\/li>\n\n\n\n<li>D\u00e9bit &amp; pression r\u00e9glables<\/li>\n\n\n\n<li>Jusqu\u2019\u00e0 450 L\/min<\/li>\n\n\n\n<li>Jusqu\u2019\u00e0 70 m de pression<\/li>\n<\/ul>\n<\/div><\/div>\n\n\n\n<h2 class=\"wp-block-heading\" id=\"h-la-pompe-a-membrane-la-plus-avancee-percee-en-matiere-de-fiabilite-et-de-technologie-performance-amp-simplicite-de-maintenance-en-ligne\">La Pompe \u00e0 Membrane la plus Avanc\u00e9e<br>Perc\u00e9e en Mati\u00e8re de Fiabilit\u00e9 et de Technologie<br>Performance &amp; Simplicit\u00e9 de Maintenance en Ligne<\/h2>\n\n\n\n<p>Les pompes Argal QUANTUM AODD sont des pompes originales \u00e0 double membrane qui offrent simplement performances et&nbsp;<strong>avantages bien plus int\u00e9ressants que les pompes traditionnelles \u00e0 double membrane<\/strong>.<\/p>\n\n\n\n<p>Gr\u00e2ce \u00e0 la construction \u00e0 partir d\u2019un bloc solide en polym\u00e8res thermoplastiques purs,<br>Les pompes Argal QUANTUM AODD sont&nbsp;<strong>m\u00e9caniquement et chimiquement tr\u00e8s r\u00e9sistantes<\/strong>.<br>Elles permettent le pompage de liquides agressifs tels que l\u2019acide nitrique ou l\u2019hydroxyde de sodium, une&nbsp;<strong>r\u00e9duction de la consommation d\u2019air<\/strong>&nbsp;et un cycle de vie prolong\u00e9.<br>&nbsp;<br>De plus, l\u2019ex\u00e9cution est plus solide et pr\u00e9cise gr\u00e2ce \u00e0 l\u2019innovation fonctionnelle,<br>la compacit\u00e9 structurelle et constructive des diff\u00e9rents composants.<br>Les QUANTUM sont la solution parfaite pour les applications li\u00e9es aux processus chimiques et aux processus avec des liquides lourds.<br>&nbsp;<br>Ils sont actuellement disponibles en tailles \u00bd, 1 et 1\u00bd pouces.<\/p>\n\n\n\n<div class=\"wp-block-buttons is-content-justification-center is-layout-flex wp-container-core-buttons-is-layout-16018d1d wp-block-buttons-is-layout-flex\">\n<div class=\"wp-block-button\"><a class=\"wp-block-button__link wp-element-button\" href=\"https:\/\/www.sps-pumps.com\/fr\/produits\/pompes-a-membrane-argalair\/#frrevolutionmembraneargalair\">Qu&rsquo;est-ce qui rend les membranes ArgalAir si durables ?<\/a><\/div>\n<\/div>\n\n\n\n<div class=\"wp-block-media-text has-media-on-the-right is-stacked-on-mobile\" style=\"grid-template-columns:auto 52%\"><div class=\"wp-block-media-text__content\">\n<h2 class=\"wp-block-heading\" id=\"h-une-toute-nouvelle-approche-de-la-double-membrane\">Une Toute Nouvelle Approche de la Double Membrane<\/h2>\n\n\n\n<p>La construction des pompes QUANTUM est&nbsp;<strong>tr\u00e8s diff\u00e9rente<\/strong>&nbsp;des pompes standard \u00e0 double membrane. Les&nbsp;<strong>membranes ne sont plus connect\u00e9es<\/strong>. Cela permet leur remplacement rapide et tr\u00e8s simplifi\u00e9, en ligne, et en toute s\u00e9curit\u00e9 m\u00eame avec une pression positive du liquide en aspiration jusqu\u2019\u00e0 7 bar.<\/p>\n<\/div><figure class=\"wp-block-media-text__media\"><img loading=\"lazy\" decoding=\"async\" width=\"700\" height=\"342\" src=\"https:\/\/www.sps-pumps.com\/wp-content\/uploads\/2024\/06\/Quantum-Membrane-Maintenance-01.jpg\" alt=\"\" class=\"wp-image-7628 size-full\" srcset=\"https:\/\/www.sps-pumps.com\/wp-content\/uploads\/2024\/06\/Quantum-Membrane-Maintenance-01.jpg 700w, https:\/\/www.sps-pumps.com\/wp-content\/uploads\/2024\/06\/Quantum-Membrane-Maintenance-01-300x147.jpg 300w\" sizes=\"auto, (max-width: 700px) 100vw, 700px\" \/><\/figure><\/div>\n\n\n\n<p>De plus, les&nbsp;<strong>membranes ne sont pas du tout perfor\u00e9es<\/strong>&nbsp;comme toutes les pompes AODD concurrentes. Cela conduit \u00e0 une&nbsp;<strong>membrane beaucoup plus r\u00e9sistante<\/strong>&nbsp;ainsi qu\u2019\u00e0 un&nbsp;<strong>remplacement beaucoup plus facile<\/strong>. M\u00eame si une membrane se brisait, le fluide de la pompe ne reviendrait pas au syst\u00e8me d\u2019alimentation en air.<\/p>\n\n\n\n<div style=\"height:55px\" aria-hidden=\"true\" class=\"wp-block-spacer\"><\/div>\n\n\n\n<div class=\"wp-block-media-text is-stacked-on-mobile\" style=\"grid-template-columns:56% auto\"><figure class=\"wp-block-media-text__media\"><img loading=\"lazy\" decoding=\"async\" width=\"1024\" height=\"500\" src=\"https:\/\/www.sps-pumps.com\/wp-content\/uploads\/2024\/06\/QT-160-Balls-MaintenanceSection-01-1024x500.jpg\" alt=\"\" class=\"wp-image-7636 size-full\" srcset=\"https:\/\/www.sps-pumps.com\/wp-content\/uploads\/2024\/06\/QT-160-Balls-MaintenanceSection-01-1024x500.jpg 1024w, https:\/\/www.sps-pumps.com\/wp-content\/uploads\/2024\/06\/QT-160-Balls-MaintenanceSection-01-300x146.jpg 300w, https:\/\/www.sps-pumps.com\/wp-content\/uploads\/2024\/06\/QT-160-Balls-MaintenanceSection-01-768x375.jpg 768w, https:\/\/www.sps-pumps.com\/wp-content\/uploads\/2024\/06\/QT-160-Balls-MaintenanceSection-01-1536x750.jpg 1536w, https:\/\/www.sps-pumps.com\/wp-content\/uploads\/2024\/06\/QT-160-Balls-MaintenanceSection-01-1200x586.jpg 1200w, https:\/\/www.sps-pumps.com\/wp-content\/uploads\/2024\/06\/QT-160-Balls-MaintenanceSection-01.jpg 1893w\" sizes=\"auto, (max-width: 1024px) 100vw, 1024px\" \/><\/figure><div class=\"wp-block-media-text__content\">\n<h2 class=\"wp-block-heading\" id=\"h-les-billes-un-tout-nouveau-concept\">Les Billes<br>Un Tout Nouveau Concept<\/h2>\n\n\n\n<p>D\u00e9montez facilement les billes pour leur nettoyage, leur remplacement ou l\u2019entretien de la pompe<br>sans la retirer du syst\u00e8me ou de ses connexions.<\/p>\n<\/div><\/div>\n\n\n\n<h2 class=\"wp-block-heading\" id=\"h-zero-risque-de-gel\">Z\u00e9ro Risque de Gel<\/h2>\n\n\n\n<p>Les pompes \u00e0 double membrane sont connues pour souffrir de formation de glace dans le distributeur. Nos ing\u00e9nieurs vous proposent une solution innovante:<br>un joint a \u00e9t\u00e9 ajout\u00e9 pour d\u00e9tourner l\u2019air \u00e9vacu\u00e9, \u00e0 tr\u00e8s basse temp\u00e9rature, vers la chambre d\u2019\u00e9chappement.<\/p>\n\n\n\n<p>Cette caract\u00e9ristique unique permet \u00e0 la pompe QUANTUM d\u2019\u00eatre <strong>compl\u00e8tement insensible \u00e0 l\u2019humidit\u00e9 pr\u00e9sente dans l\u2019air<\/strong>, tout en maintenant une&nbsp;<strong>efficacit\u00e9 \u00e9lev\u00e9e sans perte de performances<\/strong>.<\/p>\n\n\n\n<h2 class=\"wp-block-heading\" id=\"h-atex\"><img decoding=\"async\" style=\"width: 40px;\" src=\"https:\/\/www.argal.it\/images\/atexvector.png\" alt=\"\">ATEX<\/h2>\n\n\n\n<p>Toutes les ex\u00e9cutions standard, \u00e0 la fois en plastique et en m\u00e9tal, conviennent pour fonctionner<br>dans un environnement explosif class\u00e9e en Zone 2 (S\u00e9rie II 3\/3 IIB T4).<br>Pour les applications de la zone 1 (s\u00e9rie II 2\/2 GD IIB T4), Argal propose des pompes fabriqu\u00e9es avec pi\u00e8ces en mat\u00e9riaux conducteurs pour toutes les versions.<\/p>\n\n\n\n<div class=\"wp-block-buttons is-content-justification-center is-layout-flex wp-container-core-buttons-is-layout-16018d1d wp-block-buttons-is-layout-flex\">\n<div class=\"wp-block-button\"><a class=\"wp-block-button__link wp-element-button\" href=\"mailto:info@sps-pumps.com\">Envoyez-nous un e-mail<\/a><\/div>\n\n\n\n<div class=\"wp-block-button\"><a class=\"wp-block-button__link wp-element-button\" href=\"tel:+32 2 657 23 53\">Appelez le +32 2 657 23 53<\/a><\/div>\n<\/div>\n\n\n\n<div class=\"wp-block-atbs-tabs atbs-tabs-b879bf7c atbs-tabs-9ed36774 atbs-tabs-6fee1547 atbs-tabs-c0112726 atbs-tabs-a6d5a262 atbs-tabs-98f76ac8 atbs-tabs-47a6039e atbs-tabs-5fd5beec atbs-tabs-39f4b2c7 atbs-tabs-e7adf43a atbs-tabs-e35c43b7 atbs-tabs-6303313a atbs-tabs-509f9dc5 atbs-tabs-5840e389\"><div class=\"tabs-container\"><div class=\"tabs-nav\"><ul class=\"tabs-titles\"><li class=\"tab-title icon_left\" data-title-tab-id=\"1\" role=\"button\"><span class=\"tab-title-text\">Applications<\/span><\/li><li class=\"tab-title icon_left\" data-title-tab-id=\"2\" role=\"button\"><span class=\"tab-title-text\">Courbes Quantum 060<\/span><\/li><li class=\"tab-title icon_left\" data-title-tab-id=\"3\" role=\"button\"><span class=\"tab-title-text\">Courbes Quantum 160<\/span><\/li><li class=\"tab-title icon_left\" data-title-tab-id=\"4\" role=\"button\"><span class=\"tab-title-text\">Courbes Quantum 400<\/span><\/li><\/ul><\/div><div class=\"tabs-content\">\n<div class=\"wp-block-atbs-tab\"><div class=\"single-tab\" data-tab-id=\"1\" data-tab-parent-id=\"atbs-tabs-b879bf7c\">\n<figure class=\"wp-block-table\"><table class=\"has-fixed-layout\"><thead><tr><th>Secteurs<\/th><th>Applications<\/th><\/tr><\/thead><tbody><tr><td>Produits chimiques et pharmaceutiques<\/td><td>Acides, alcalis, alcool, solvants, \u00e9mulsions, liquides ultra purs<\/td><\/tr><tr><td>Semi-conducteurs<\/td><td>Transfert de chaleur et liquides ultra purs, solutions d\u2019\u00e9lectrolyte, mecure, solvants<\/td><\/tr><tr><td>Traitements de surface<\/td><td>Bains galvaniques, acides, solvants, boues, vernis, \u00e9maux<\/td><\/tr><tr><td>Traitements de l\u2019eau<\/td><td>Neutralisation, floculation<\/td><\/tr><tr><td>Papier et impression<\/td><td>Colles, additifs, vernis, encres, latex, acides, r\u00e9sines, pigments, boues, adh\u00e9sifs, silicate de sodium, oxyde de titane<\/td><\/tr><tr><td>Photovolta\u00efque<\/td><td>Liquides ultra purs, boues, solvants abrasifs<\/td><\/tr><\/tbody><\/table><\/figure>\n<\/div><\/div>\n\n\n\n<div class=\"wp-block-atbs-tab\"><div class=\"single-tab\" data-tab-id=\"2\" data-tab-parent-id=\"atbs-tabs-b879bf7c\">\n<figure class=\"wp-block-image size-full\"><img loading=\"lazy\" decoding=\"async\" width=\"700\" height=\"449\" src=\"https:\/\/www.sps-pumps.com\/wp-content\/uploads\/2024\/06\/AODD_Quantum_060.png\" alt=\"\" class=\"wp-image-3075\" srcset=\"https:\/\/www.sps-pumps.com\/wp-content\/uploads\/2024\/06\/AODD_Quantum_060.png 700w, https:\/\/www.sps-pumps.com\/wp-content\/uploads\/2024\/06\/AODD_Quantum_060-300x192.png 300w\" sizes=\"auto, (max-width: 700px) 100vw, 700px\" \/><\/figure>\n<\/div><\/div>\n\n\n\n<div class=\"wp-block-atbs-tab\"><div class=\"single-tab\" data-tab-id=\"3\" data-tab-parent-id=\"atbs-tabs-b879bf7c\">\n<figure class=\"wp-block-image size-full\"><img loading=\"lazy\" decoding=\"async\" width=\"700\" height=\"349\" src=\"https:\/\/www.sps-pumps.com\/wp-content\/uploads\/2024\/06\/AODD_Quantum_160.png\" alt=\"\" class=\"wp-image-3081\" srcset=\"https:\/\/www.sps-pumps.com\/wp-content\/uploads\/2024\/06\/AODD_Quantum_160.png 700w, https:\/\/www.sps-pumps.com\/wp-content\/uploads\/2024\/06\/AODD_Quantum_160-300x150.png 300w\" sizes=\"auto, (max-width: 700px) 100vw, 700px\" \/><\/figure>\n<\/div><\/div>\n\n\n\n<div class=\"wp-block-atbs-tab\"><div class=\"single-tab\" data-tab-id=\"4\" data-tab-parent-id=\"atbs-tabs-b879bf7c\">\n<figure class=\"wp-block-image size-full\"><img loading=\"lazy\" decoding=\"async\" width=\"700\" height=\"436\" src=\"https:\/\/www.sps-pumps.com\/wp-content\/uploads\/2024\/06\/AODD_Quantum_400.png\" alt=\"\" class=\"wp-image-3087\" srcset=\"https:\/\/www.sps-pumps.com\/wp-content\/uploads\/2024\/06\/AODD_Quantum_400.png 700w, https:\/\/www.sps-pumps.com\/wp-content\/uploads\/2024\/06\/AODD_Quantum_400-300x187.png 300w\" sizes=\"auto, (max-width: 700px) 100vw, 700px\" \/><\/figure>\n<\/div><\/div>\n<\/div><\/div><\/div>\n\n\n\n<p class=\"has-small-font-size\">Ces informations sont fournies avec la permission et courtoisie de ARGAL spa.<\/p>\n","protected":false},"featured_media":3008,"parent":4340,"menu_order":237,"template":"","meta":{"_acf_changed":false,"footnotes":""},"class_list":["post-4347","product","type-product","status-publish","has-post-thumbnail","hentry"],"acf":[],"yoast_head":"<!-- This site is optimized with the Yoast SEO Premium plugin v27.3 (Yoast SEO v27.3) - https:\/\/yoast.com\/product\/yoast-seo-premium-wordpress\/ -->\n<title>Argal QUANTUM Pompe \u00e0 Membrane - Maintenance en Ligne<\/title>\n<meta name=\"description\" content=\"Argal QUANTUM pompes \u00e0 membrane hautement innovantes. Maintenance en ligne - Fluides chimiques et pharmaceutiques. +32 2 657 23 53.\" \/>\n<meta name=\"robots\" content=\"index, follow, max-snippet:-1, max-image-preview:large, max-video-preview:-1\" \/>\n<link rel=\"canonical\" href=\"https:\/\/www.sps-pumps.com\/fr\/produits\/pompes-a-membrane-argalair\/argal-quantum-ddq\/\" \/>\n<meta property=\"og:locale\" content=\"fr_FR\" \/>\n<meta property=\"og:type\" content=\"article\" \/>\n<meta property=\"og:title\" content=\"Argal Quantum DDQ\" \/>\n<meta property=\"og:description\" content=\"Argal QUANTUM pompes \u00e0 membrane hautement innovantes. Maintenance en ligne - Fluides chimiques et pharmaceutiques. +32 2 657 23 53.\" \/>\n<meta property=\"og:url\" content=\"https:\/\/www.sps-pumps.com\/fr\/produits\/pompes-a-membrane-argalair\/argal-quantum-ddq\/\" \/>\n<meta property=\"og:site_name\" content=\"SPS Pumps\" \/>\n<meta property=\"article:publisher\" content=\"https:\/\/www.facebook.com\/spspumpsbelgium\/\" \/>\n<meta property=\"article:modified_time\" content=\"2024-12-01T11:42:31+00:00\" \/>\n<meta property=\"og:image\" content=\"https:\/\/www.sps-pumps.com\/wp-content\/uploads\/2024\/06\/Argal-Quantum-QT-160-240x240-1.jpg\" \/>\n\t<meta property=\"og:image:width\" content=\"240\" \/>\n\t<meta property=\"og:image:height\" content=\"240\" \/>\n\t<meta property=\"og:image:type\" content=\"image\/jpeg\" \/>\n<meta name=\"twitter:label1\" content=\"Dur\u00e9e de lecture estim\u00e9e\" \/>\n\t<meta name=\"twitter:data1\" content=\"5 minutes\" \/>\n<script type=\"application\/ld+json\" class=\"yoast-schema-graph\">{\"@context\":\"https:\\\/\\\/schema.org\",\"@graph\":[{\"@type\":\"WebPage\",\"@id\":\"https:\\\/\\\/www.sps-pumps.com\\\/fr\\\/produits\\\/pompes-a-membrane-argalair\\\/argal-quantum-ddq\\\/\",\"url\":\"https:\\\/\\\/www.sps-pumps.com\\\/fr\\\/produits\\\/pompes-a-membrane-argalair\\\/argal-quantum-ddq\\\/\",\"name\":\"Argal QUANTUM Pompe \u00e0 Membrane - Maintenance en Ligne\",\"isPartOf\":{\"@id\":\"https:\\\/\\\/www.sps-pumps.com\\\/fr\\\/#website\"},\"primaryImageOfPage\":{\"@id\":\"https:\\\/\\\/www.sps-pumps.com\\\/fr\\\/produits\\\/pompes-a-membrane-argalair\\\/argal-quantum-ddq\\\/#primaryimage\"},\"image\":{\"@id\":\"https:\\\/\\\/www.sps-pumps.com\\\/fr\\\/produits\\\/pompes-a-membrane-argalair\\\/argal-quantum-ddq\\\/#primaryimage\"},\"thumbnailUrl\":\"https:\\\/\\\/www.sps-pumps.com\\\/wp-content\\\/uploads\\\/2024\\\/06\\\/Argal-Quantum-QT-160-240x240-1.jpg\",\"datePublished\":\"2024-06-07T13:42:57+00:00\",\"dateModified\":\"2024-12-01T11:42:31+00:00\",\"description\":\"Argal QUANTUM pompes \u00e0 membrane hautement innovantes. Maintenance en ligne - Fluides chimiques et pharmaceutiques. +32 2 657 23 53.\",\"breadcrumb\":{\"@id\":\"https:\\\/\\\/www.sps-pumps.com\\\/fr\\\/produits\\\/pompes-a-membrane-argalair\\\/argal-quantum-ddq\\\/#breadcrumb\"},\"inLanguage\":\"fr-FR\",\"potentialAction\":[{\"@type\":\"ReadAction\",\"target\":[\"https:\\\/\\\/www.sps-pumps.com\\\/fr\\\/produits\\\/pompes-a-membrane-argalair\\\/argal-quantum-ddq\\\/\"]}]},{\"@type\":\"ImageObject\",\"inLanguage\":\"fr-FR\",\"@id\":\"https:\\\/\\\/www.sps-pumps.com\\\/fr\\\/produits\\\/pompes-a-membrane-argalair\\\/argal-quantum-ddq\\\/#primaryimage\",\"url\":\"https:\\\/\\\/www.sps-pumps.com\\\/wp-content\\\/uploads\\\/2024\\\/06\\\/Argal-Quantum-QT-160-240x240-1.jpg\",\"contentUrl\":\"https:\\\/\\\/www.sps-pumps.com\\\/wp-content\\\/uploads\\\/2024\\\/06\\\/Argal-Quantum-QT-160-240x240-1.jpg\",\"width\":240,\"height\":240},{\"@type\":\"BreadcrumbList\",\"@id\":\"https:\\\/\\\/www.sps-pumps.com\\\/fr\\\/produits\\\/pompes-a-membrane-argalair\\\/argal-quantum-ddq\\\/#breadcrumb\",\"itemListElement\":[{\"@type\":\"ListItem\",\"position\":1,\"name\":\"Home\",\"item\":\"https:\\\/\\\/www.sps-pumps.com\\\/fr\\\/\"},{\"@type\":\"ListItem\",\"position\":2,\"name\":\"Produits\",\"item\":\"https:\\\/\\\/www.sps-pumps.com\\\/fr\\\/produits\\\/\"},{\"@type\":\"ListItem\",\"position\":3,\"name\":\"Pompes \u00e0 Membrane ArgalAir\",\"item\":\"https:\\\/\\\/www.sps-pumps.com\\\/fr\\\/produits\\\/pompes-a-membrane-argalair\\\/\"},{\"@type\":\"ListItem\",\"position\":4,\"name\":\"Argal Quantum DDQ\"}]},{\"@type\":\"WebSite\",\"@id\":\"https:\\\/\\\/www.sps-pumps.com\\\/fr\\\/#website\",\"url\":\"https:\\\/\\\/www.sps-pumps.com\\\/fr\\\/\",\"name\":\"SPS Pumps\",\"description\":\"Spare Parts &amp; Services\",\"publisher\":{\"@id\":\"https:\\\/\\\/www.sps-pumps.com\\\/fr\\\/#organization\"},\"potentialAction\":[{\"@type\":\"SearchAction\",\"target\":{\"@type\":\"EntryPoint\",\"urlTemplate\":\"https:\\\/\\\/www.sps-pumps.com\\\/fr\\\/?s={search_term_string}\"},\"query-input\":{\"@type\":\"PropertyValueSpecification\",\"valueRequired\":true,\"valueName\":\"search_term_string\"}}],\"inLanguage\":\"fr-FR\"},{\"@type\":\"Organization\",\"@id\":\"https:\\\/\\\/www.sps-pumps.com\\\/fr\\\/#organization\",\"name\":\"SPS Pumps\",\"url\":\"https:\\\/\\\/www.sps-pumps.com\\\/fr\\\/\",\"logo\":{\"@type\":\"ImageObject\",\"inLanguage\":\"fr-FR\",\"@id\":\"https:\\\/\\\/www.sps-pumps.com\\\/fr\\\/#\\\/schema\\\/logo\\\/image\\\/\",\"url\":\"https:\\\/\\\/www.sps-pumps.com\\\/wp-content\\\/uploads\\\/2024\\\/04\\\/SPS-Logo-2016.jpg\",\"contentUrl\":\"https:\\\/\\\/www.sps-pumps.com\\\/wp-content\\\/uploads\\\/2024\\\/04\\\/SPS-Logo-2016.jpg\",\"width\":1420,\"height\":1208,\"caption\":\"SPS Pumps\"},\"image\":{\"@id\":\"https:\\\/\\\/www.sps-pumps.com\\\/fr\\\/#\\\/schema\\\/logo\\\/image\\\/\"},\"sameAs\":[\"https:\\\/\\\/www.facebook.com\\\/spspumpsbelgium\\\/\",\"https:\\\/\\\/www.linkedin.com\\\/company\\\/spspumps\\\/\"]}]}<\/script>\n<!-- \/ Yoast SEO Premium plugin. -->","yoast_head_json":{"title":"Argal QUANTUM Pompe \u00e0 Membrane - Maintenance en Ligne","description":"Argal QUANTUM pompes \u00e0 membrane hautement innovantes. Maintenance en ligne - Fluides chimiques et pharmaceutiques. +32 2 657 23 53.","robots":{"index":"index","follow":"follow","max-snippet":"max-snippet:-1","max-image-preview":"max-image-preview:large","max-video-preview":"max-video-preview:-1"},"canonical":"https:\/\/www.sps-pumps.com\/fr\/produits\/pompes-a-membrane-argalair\/argal-quantum-ddq\/","og_locale":"fr_FR","og_type":"article","og_title":"Argal Quantum DDQ","og_description":"Argal QUANTUM pompes \u00e0 membrane hautement innovantes. Maintenance en ligne - Fluides chimiques et pharmaceutiques. +32 2 657 23 53.","og_url":"https:\/\/www.sps-pumps.com\/fr\/produits\/pompes-a-membrane-argalair\/argal-quantum-ddq\/","og_site_name":"SPS Pumps","article_publisher":"https:\/\/www.facebook.com\/spspumpsbelgium\/","article_modified_time":"2024-12-01T11:42:31+00:00","og_image":[{"width":240,"height":240,"url":"https:\/\/www.sps-pumps.com\/wp-content\/uploads\/2024\/06\/Argal-Quantum-QT-160-240x240-1.jpg","type":"image\/jpeg"}],"twitter_misc":{"Dur\u00e9e de lecture estim\u00e9e":"5 minutes"},"schema":{"@context":"https:\/\/schema.org","@graph":[{"@type":"WebPage","@id":"https:\/\/www.sps-pumps.com\/fr\/produits\/pompes-a-membrane-argalair\/argal-quantum-ddq\/","url":"https:\/\/www.sps-pumps.com\/fr\/produits\/pompes-a-membrane-argalair\/argal-quantum-ddq\/","name":"Argal QUANTUM Pompe \u00e0 Membrane - Maintenance en Ligne","isPartOf":{"@id":"https:\/\/www.sps-pumps.com\/fr\/#website"},"primaryImageOfPage":{"@id":"https:\/\/www.sps-pumps.com\/fr\/produits\/pompes-a-membrane-argalair\/argal-quantum-ddq\/#primaryimage"},"image":{"@id":"https:\/\/www.sps-pumps.com\/fr\/produits\/pompes-a-membrane-argalair\/argal-quantum-ddq\/#primaryimage"},"thumbnailUrl":"https:\/\/www.sps-pumps.com\/wp-content\/uploads\/2024\/06\/Argal-Quantum-QT-160-240x240-1.jpg","datePublished":"2024-06-07T13:42:57+00:00","dateModified":"2024-12-01T11:42:31+00:00","description":"Argal QUANTUM pompes \u00e0 membrane hautement innovantes. Maintenance en ligne - Fluides chimiques et pharmaceutiques. +32 2 657 23 53.","breadcrumb":{"@id":"https:\/\/www.sps-pumps.com\/fr\/produits\/pompes-a-membrane-argalair\/argal-quantum-ddq\/#breadcrumb"},"inLanguage":"fr-FR","potentialAction":[{"@type":"ReadAction","target":["https:\/\/www.sps-pumps.com\/fr\/produits\/pompes-a-membrane-argalair\/argal-quantum-ddq\/"]}]},{"@type":"ImageObject","inLanguage":"fr-FR","@id":"https:\/\/www.sps-pumps.com\/fr\/produits\/pompes-a-membrane-argalair\/argal-quantum-ddq\/#primaryimage","url":"https:\/\/www.sps-pumps.com\/wp-content\/uploads\/2024\/06\/Argal-Quantum-QT-160-240x240-1.jpg","contentUrl":"https:\/\/www.sps-pumps.com\/wp-content\/uploads\/2024\/06\/Argal-Quantum-QT-160-240x240-1.jpg","width":240,"height":240},{"@type":"BreadcrumbList","@id":"https:\/\/www.sps-pumps.com\/fr\/produits\/pompes-a-membrane-argalair\/argal-quantum-ddq\/#breadcrumb","itemListElement":[{"@type":"ListItem","position":1,"name":"Home","item":"https:\/\/www.sps-pumps.com\/fr\/"},{"@type":"ListItem","position":2,"name":"Produits","item":"https:\/\/www.sps-pumps.com\/fr\/produits\/"},{"@type":"ListItem","position":3,"name":"Pompes \u00e0 Membrane ArgalAir","item":"https:\/\/www.sps-pumps.com\/fr\/produits\/pompes-a-membrane-argalair\/"},{"@type":"ListItem","position":4,"name":"Argal Quantum DDQ"}]},{"@type":"WebSite","@id":"https:\/\/www.sps-pumps.com\/fr\/#website","url":"https:\/\/www.sps-pumps.com\/fr\/","name":"SPS Pumps","description":"Spare Parts &amp; Services","publisher":{"@id":"https:\/\/www.sps-pumps.com\/fr\/#organization"},"potentialAction":[{"@type":"SearchAction","target":{"@type":"EntryPoint","urlTemplate":"https:\/\/www.sps-pumps.com\/fr\/?s={search_term_string}"},"query-input":{"@type":"PropertyValueSpecification","valueRequired":true,"valueName":"search_term_string"}}],"inLanguage":"fr-FR"},{"@type":"Organization","@id":"https:\/\/www.sps-pumps.com\/fr\/#organization","name":"SPS Pumps","url":"https:\/\/www.sps-pumps.com\/fr\/","logo":{"@type":"ImageObject","inLanguage":"fr-FR","@id":"https:\/\/www.sps-pumps.com\/fr\/#\/schema\/logo\/image\/","url":"https:\/\/www.sps-pumps.com\/wp-content\/uploads\/2024\/04\/SPS-Logo-2016.jpg","contentUrl":"https:\/\/www.sps-pumps.com\/wp-content\/uploads\/2024\/04\/SPS-Logo-2016.jpg","width":1420,"height":1208,"caption":"SPS Pumps"},"image":{"@id":"https:\/\/www.sps-pumps.com\/fr\/#\/schema\/logo\/image\/"},"sameAs":["https:\/\/www.facebook.com\/spspumpsbelgium\/","https:\/\/www.linkedin.com\/company\/spspumps\/"]}]}},"_links":{"self":[{"href":"https:\/\/www.sps-pumps.com\/fr\/wp-json\/wp\/v2\/product\/4347","targetHints":{"allow":["GET"]}}],"collection":[{"href":"https:\/\/www.sps-pumps.com\/fr\/wp-json\/wp\/v2\/product"}],"about":[{"href":"https:\/\/www.sps-pumps.com\/fr\/wp-json\/wp\/v2\/types\/product"}],"version-history":[{"count":1,"href":"https:\/\/www.sps-pumps.com\/fr\/wp-json\/wp\/v2\/product\/4347\/revisions"}],"predecessor-version":[{"id":11198,"href":"https:\/\/www.sps-pumps.com\/fr\/wp-json\/wp\/v2\/product\/4347\/revisions\/11198"}],"up":[{"embeddable":true,"href":"https:\/\/www.sps-pumps.com\/fr\/wp-json\/wp\/v2\/product\/4340"}],"wp:featuredmedia":[{"embeddable":true,"href":"https:\/\/www.sps-pumps.com\/fr\/wp-json\/wp\/v2\/media\/3008"}],"wp:attachment":[{"href":"https:\/\/www.sps-pumps.com\/fr\/wp-json\/wp\/v2\/media?parent=4347"}],"curies":[{"name":"wp","href":"https:\/\/api.w.org\/{rel}","templated":true}]}}